{"id":8,"date":"2018-04-12T20:58:18","date_gmt":"2018-04-12T18:58:18","guid":{"rendered":"http:\/\/reviews-tutorials.de\/?page_id=8"},"modified":"2018-04-12T20:58:18","modified_gmt":"2018-04-12T18:58:18","slug":"kontakt","status":"publish","type":"page","link":"https:\/\/technik.reviews-tutorials.de\/index.php\/kontakt\/","title":{"rendered":"Kontakt"},"content":{"rendered":"<h5>F\u00fcr Fragen oder Anregungen oder was euch noch so einf\u00e4llt, k\u00f6nnt ihr mich gerne unter der folgenden E-Mail Kontaktieren<\/h5>\n<p>Da momentan das Kontaktformular noch nicht funktioniert musst du deine Exportirung deiner Daten per Hand Anfordern<\/p>\n<p style=\"text-align: center;\"><strong>E-Mail<\/strong><\/p>\n<p style=\"text-align: center;\"><strong> reviews.tutorials.2018@gmail.com<\/strong><\/p>\n<p style=\"text-align: center;\"><strong>YouTube Chat\u00a0<\/strong><\/p>\n<p style=\"text-align: center;\">https:\/\/youtu.be\/addme\/h9XqGCwWwhlGnabHebzXQhzK4m3CeA<\/p>\n<p class=\"AC5d8 notranslate\" style=\"text-align: center;\" title=\"reviews.tutorials16\">\n","protected":false},"excerpt":{"rendered":"<p>F\u00fcr Fragen oder Anregungen oder was euch noch so einf\u00e4llt, k\u00f6nnt ihr mich gerne unter der folgenden E-Mail Kontaktieren Da momentan das Kontaktformular noch nicht funktioniert musst du deine Exportirung deiner Daten per Hand Anfordern E-Mail reviews.tutorials.2018@gmail.com YouTube Chat\u00a0 https:\/\/youtu.be\/addme\/h9XqGCwWwhlGnabHebzXQhzK4m3CeA<\/p>\n","protected":false},"author":2,"featured_media":915,"parent":0,"menu_order":3,"comment_status":"closed","ping_status":"closed","template":"","meta":[],"_links":{"self":[{"href":"https:\/\/technik.reviews-tutorials.de\/index.php\/wp-json\/wp\/v2\/pages\/8"}],"collection":[{"href":"https:\/\/technik.reviews-tutorials.de\/index.php\/wp-json\/wp\/v2\/pages"}],"about":[{"href":"https:\/\/technik.reviews-tutorials.de\/index.php\/wp-json\/wp\/v2\/types\/page"}],"author":[{"embeddable":true,"href":"https:\/\/technik.reviews-tutorials.de\/index.php\/wp-json\/wp\/v2\/users\/2"}],"replies":[{"embeddable":true,"href":"https:\/\/technik.reviews-tutorials.de\/index.php\/wp-json\/wp\/v2\/comments?post=8"}],"version-history":[{"count":0,"href":"https:\/\/technik.reviews-tutorials.de\/index.php\/wp-json\/wp\/v2\/pages\/8\/revisions"}],"wp:featuredmedia":[{"embeddable":true,"href":"https:\/\/technik.reviews-tutorials.de\/index.php\/wp-json\/wp\/v2\/media\/915"}],"wp:attachment":[{"href":"https:\/\/technik.reviews-tutorials.de\/index.php\/wp-json\/wp\/v2\/media?parent=8"}],"curies":[{"name":"wp","href":"https:\/\/api.w.org\/{rel}","templated":true}]}}