{"id":930,"date":"2018-12-19T17:52:04","date_gmt":"2018-12-19T16:52:04","guid":{"rendered":"https:\/\/reviews-tutorials.de\/index.php\/mesmerize\/"},"modified":"2020-06-22T22:03:38","modified_gmt":"2020-06-22T20:03:38","slug":"mesmerize","status":"publish","type":"page","link":"https:\/\/technik.reviews-tutorials.de\/","title":{"rendered":"Front Page"},"content":{"rendered":"<div  id=\"overlappable-4\" style=\"background-color: #ffffff;\" data-label=\"Overlappable\" data-id=\"overlappable-4\" data-export-id=\"overlappable-4\" data-category=\"overlappable\" class=\"overlappable-4 content-section content-section-spacing\" data-overlap=\"true\"><div  class=\"gridContainer\"> <div  data-type=\"row\" class=\"row spaced-cols text-center\"><div  class=\"col-xs-12 col-sm-4 col-padding\"> <a  data-cp-link=\"1\" href=\"#\"><i  class=\"fa icon shadow-large-black aligncenter color1 fa-adn reverse round large\"><\/i><\/a> <div  data-type=\"column\" class=\"\"> <h5  class=\"\">Tutorials<\/h5> <p  class=\"\">Tutorials \u00fcber Raspberry, Programme oder sonstiges<\/p><\/div> <\/div> <div  class=\"col-xs-12 col-sm-4 col-padding\"> <i  class=\"fa icon shadow-large-black aligncenter color1 fa-address-book reverse round large\"><\/i> <div  data-type=\"column\" class=\"\"><h5  class=\"\">Kontakt<\/h5> <p  class=\"\">Das wort Kontakt ist glaube ich erkl\u00e4rend&nbsp;<\/p><\/div> <\/div> <div  class=\"col-xs-12 col-sm-4 col-padding\"> <i  class=\"fa icon fa-magic large shadow-large-black round aligncenter reverse color1\"><\/i> <div  data-type=\"column\" class=\"\"><h5  class=\"\">Unboxing\/Reviews<\/h5> <p  class=\"\">Reviews haubts\u00e4chlich aus der Technick branche darf aber auch mal was anderes sein&nbsp;<\/p><\/div> <\/div><\/div> <\/div><\/div><div  id=\"latest-news-1\" style=\"background-color: #f5fafd;\" data-label=\"Latest-news\" data-id=\"blog-section\" data-export-id=\"blog-section\" data-category=\"latest_news\" class=\"blog-section blog-section-standard content-section content-section-spacing\"><div  class=\"gridContainer\"> <div  class=\"row\"><div  data-type=\"column\" class=\"section-title-col\"> <h2  class=\"\">Latest News<\/h2> <p  class=\"lead\">Alle neuen Artikel rund ums Thema Technick und Sovtware&nbsp;<\/p><\/div> <\/div> <div  class=\"row\"> <div  data-type=\"row\" data-dynamic-columns=\"handled\" data-content-shortcode=\"mesmerize_latest_news\">        <div class=\"row center-sm content-left-sm\">\n                    <div id=\"post-4988\" class=\"col-sm-6 col-md-4 space-bottom space-bottom-xs\">\n                <div class=\"post-content card y-move bordered\">\n                        <div class=\"post-thumbnail\">\n        <a href=\"https:\/\/technik.reviews-tutorials.de\/index.php\/2021\/05\/09\/solid-edge-kreis-ist-kein-kreis\/\" class=\"post-list-item-thumb \">\n\t\t\t<img width=\"1024\" height=\"267\" src=\"https:\/\/technik.reviews-tutorials.de\/wp-content\/uploads\/Solid-Edge-Kreis-ist-kein-Kreis-Titelbild-1024x267.png\" class=\"attachment-post-thumbnail size-post-thumbnail wp-post-image\" alt=\"\" loading=\"lazy\" srcset=\"https:\/\/technik.reviews-tutorials.de\/wp-content\/uploads\/Solid-Edge-Kreis-ist-kein-Kreis-Titelbild-1024x267.png 1024w, https:\/\/technik.reviews-tutorials.de\/wp-content\/uploads\/Solid-Edge-Kreis-ist-kein-Kreis-Titelbild-300x78.png 300w, https:\/\/technik.reviews-tutorials.de\/wp-content\/uploads\/Solid-Edge-Kreis-ist-kein-Kreis-Titelbild-768x200.png 768w, https:\/\/technik.reviews-tutorials.de\/wp-content\/uploads\/Solid-Edge-Kreis-ist-kein-Kreis-Titelbild-1536x400.png 1536w, https:\/\/technik.reviews-tutorials.de\/wp-content\/uploads\/Solid-Edge-Kreis-ist-kein-Kreis-Titelbild.png 1920w\" sizes=\"(max-width: 1024px) 100vw, 1024px\" \/>        <\/a>\n    <\/div>\n\t                    <div class=\"col-padding col-padding-xs\">\n                        <h3 class=\"post-title space-bottom-small\">\n                            <a href=\"https:\/\/technik.reviews-tutorials.de\/index.php\/2021\/05\/09\/solid-edge-kreis-ist-kein-kreis\/\" rel=\"bookmark\">\n                                Solid Edge Kreis ist kein Kreis                            <\/a>\n                        <\/h3>\n                        <p>Wer sich hier und da mit dem Erstellen von 3D Objekten besch\u00e4ftigt wird fr\u00fcher oder sp\u00e4ter \u00fcber Solid Edge stolpern eventuell kennen es noch auch einige aus ihrer Schulzeit zumindest[&hellip;]<\/p>\n                        <a class=\"read-more link\" href=\"https:\/\/technik.reviews-tutorials.de\/index.php\/2021\/05\/09\/solid-edge-kreis-ist-kein-kreis\/\">\n                            Read more                        <\/a>\n                    <\/div>\n                <\/div>\n            <\/div>\n                    <div id=\"post-3518\" class=\"col-sm-6 col-md-4 space-bottom space-bottom-xs\">\n                <div class=\"post-content card y-move bordered\">\n                        <div class=\"post-thumbnail\">\n        <a href=\"https:\/\/technik.reviews-tutorials.de\/index.php\/2020\/06\/14\/nextcloud-fehler-datenbank-konvertierung\/\" class=\"post-list-item-thumb \">\n\t\t\t<img width=\"1024\" height=\"267\" src=\"https:\/\/technik.reviews-tutorials.de\/wp-content\/uploads\/2020\/06\/Titelbild-1024x267.png\" class=\"attachment-post-thumbnail size-post-thumbnail wp-post-image\" alt=\"\" loading=\"lazy\" srcset=\"https:\/\/technik.reviews-tutorials.de\/wp-content\/uploads\/2020\/06\/Titelbild-1024x267.png 1024w, https:\/\/technik.reviews-tutorials.de\/wp-content\/uploads\/2020\/06\/Titelbild-300x78.png 300w, https:\/\/technik.reviews-tutorials.de\/wp-content\/uploads\/2020\/06\/Titelbild-768x200.png 768w, https:\/\/technik.reviews-tutorials.de\/wp-content\/uploads\/2020\/06\/Titelbild-1536x400.png 1536w, https:\/\/technik.reviews-tutorials.de\/wp-content\/uploads\/2020\/06\/Titelbild.png 1920w\" sizes=\"(max-width: 1024px) 100vw, 1024px\" \/>        <\/a>\n    <\/div>\n\t                    <div class=\"col-padding col-padding-xs\">\n                        <h3 class=\"post-title space-bottom-small\">\n                            <a href=\"https:\/\/technik.reviews-tutorials.de\/index.php\/2020\/06\/14\/nextcloud-fehler-datenbank-konvertierung\/\" rel=\"bookmark\">\n                                Nextcloud Fehler: Datenbank Konvertierung                            <\/a>\n                        <\/h3>\n                        <p>Auch dieser Fehler von Nextcloud ist recht schnell behoben. Dazu gehen wir wieder in unser Nextcloud Installation Verzeichnis. cd \/var\/www\/nextcloud\/ Danach k\u00f6nnen wir den folgenden Befehl ausf\u00fchren. sudo -u www-data[&hellip;]<\/p>\n                        <a class=\"read-more link\" href=\"https:\/\/technik.reviews-tutorials.de\/index.php\/2020\/06\/14\/nextcloud-fehler-datenbank-konvertierung\/\">\n                            Read more                        <\/a>\n                    <\/div>\n                <\/div>\n            <\/div>\n                    <div id=\"post-3538\" class=\"col-sm-6 col-md-4 space-bottom space-bottom-xs\">\n                <div class=\"post-content card y-move bordered\">\n                        <div class=\"post-thumbnail\">\n        <a href=\"https:\/\/technik.reviews-tutorials.de\/index.php\/2020\/06\/07\/nextcloud-fehler-php-modul-imagick\/\" class=\"post-list-item-thumb \">\n\t\t\t<img width=\"1024\" height=\"267\" src=\"https:\/\/technik.reviews-tutorials.de\/wp-content\/uploads\/2020\/04\/Titelbild-imagick.png\" class=\"attachment-post-thumbnail size-post-thumbnail wp-post-image\" alt=\"\" loading=\"lazy\" \/>        <\/a>\n    <\/div>\n\t                    <div class=\"col-padding col-padding-xs\">\n                        <h3 class=\"post-title space-bottom-small\">\n                            <a href=\"https:\/\/technik.reviews-tutorials.de\/index.php\/2020\/06\/07\/nextcloud-fehler-php-modul-imagick\/\" rel=\"bookmark\">\n                                Nextcloud Fehler: PHP Modul imagick                            <\/a>\n                        <\/h3>\n                        <p>Der Fehler imagick l\u00e4sst sich durch einen Befehl beheben. Zu beachten ist hierbei die Passende PHP Version. sudo apt install php-imagick Mit einem Neustart und einer Seitenaktualisierung m\u00fcsste der Fehler[&hellip;]<\/p>\n                        <a class=\"read-more link\" href=\"https:\/\/technik.reviews-tutorials.de\/index.php\/2020\/06\/07\/nextcloud-fehler-php-modul-imagick\/\">\n                            Read more                        <\/a>\n                    <\/div>\n                <\/div>\n            <\/div>\n            <\/div>\n    <\/div><\/div> <div  class=\"row\"><div  class=\"text-center\"> <a class=\"button color1\" data-attr-shortcode=\"href:mesmerize_blog_link\" href=\"https:\/\/technik.reviews-tutorials.de\/?post_type=post\" target=\"_self\" rel=\"noopener noreferrer\">SEE ALL BLOG POSTS<\/a><\/div> <\/div><\/div><\/div>","protected":false},"excerpt":{"rendered":"<p>Tutorials Tutorials \u00fcber Raspberry, Programme oder sonstiges Kontakt Das wort Kontakt ist glaube ich erkl\u00e4rend&nbsp; Unboxing\/Reviews Reviews haubts\u00e4chlich aus der Technick branche darf aber auch mal was anderes sein&nbsp; Latest News Alle neuen Artikel rund ums Thema Technick und Sovtware&nbsp; SEE ALL BLOG POSTS<\/p>\n","protected":false},"author":2,"featured_media":0,"parent":0,"menu_order":1,"comment_status":"closed","ping_status":"closed","template":"page-templates\/homepage.php","meta":[],"_links":{"self":[{"href":"https:\/\/technik.reviews-tutorials.de\/index.php\/wp-json\/wp\/v2\/pages\/930"}],"collection":[{"href":"https:\/\/technik.reviews-tutorials.de\/index.php\/wp-json\/wp\/v2\/pages"}],"about":[{"href":"https:\/\/technik.reviews-tutorials.de\/index.php\/wp-json\/wp\/v2\/types\/page"}],"author":[{"embeddable":true,"href":"https:\/\/technik.reviews-tutorials.de\/index.php\/wp-json\/wp\/v2\/users\/2"}],"replies":[{"embeddable":true,"href":"https:\/\/technik.reviews-tutorials.de\/index.php\/wp-json\/wp\/v2\/comments?post=930"}],"version-history":[{"count":1,"href":"https:\/\/technik.reviews-tutorials.de\/index.php\/wp-json\/wp\/v2\/pages\/930\/revisions"}],"predecessor-version":[{"id":4875,"href":"https:\/\/technik.reviews-tutorials.de\/index.php\/wp-json\/wp\/v2\/pages\/930\/revisions\/4875"}],"wp:attachment":[{"href":"https:\/\/technik.reviews-tutorials.de\/index.php\/wp-json\/wp\/v2\/media?parent=930"}],"curies":[{"name":"wp","href":"https:\/\/api.w.org\/{rel}","templated":true}]}}